{"id":3,"date":"2024-09-19T10:58:57","date_gmt":"2024-09-19T10:58:57","guid":{"rendered":"https:\/\/zk-visuals.si\/?page_id=3"},"modified":"2024-11-04T09:55:37","modified_gmt":"2024-11-04T09:55:37","slug":"privacy-policy","status":"publish","type":"page","link":"https:\/\/zk-visuals.si\/en\/privacy-policy\/","title":{"rendered":"Privacy policy"},"content":{"rendered":"<div data-elementor-type=\"wp-page\" data-elementor-id=\"3\" class=\"elementor elementor-3\" data-elementor-post-type=\"page\">\n\t\t\t\t<div class=\"elementor-element elementor-element-7850fd61 e-flex e-con-boxed e-con e-parent\" data-id=\"7850fd61\" data-element_type=\"container\">\n\t\t\t\t\t<div class=\"e-con-inner\">\n\t\t\t\t<div class=\"elementor-element elementor-element-3aad206 elementor-view-default elementor-widget elementor-widget-icon\" data-id=\"3aad206\" data-element_type=\"widget\" data-widget_type=\"icon.default\">\n\t\t\t\t<div class=\"elementor-widget-container\">\n\t\t\t\t\t<div class=\"elementor-icon-wrapper\">\n\t\t\t<a class=\"elementor-icon\" href=\"#elementor-action:action=popup:open&settings=eyJpZCI6Ijk0IiwidG9nZ2xlIjpmYWxzZX0=\">\n\t\t\t<svg aria-hidden=\"true\" class=\"e-font-icon-svg e-fas-bars\" viewbox=\"0 0 448 512\" xmlns=\"http:\/\/www.w3.org\/2000\/svg\"><path d=\"M16 132h416c8.837 0 16-7.163 16-16V76c0-8.837-7.163-16-16-16H16C7.163 60 0 67.163 0 76v40c0 8.837 7.163 16 16 16zm0 160h416c8.837 0 16-7.163 16-16v-40c0-8.837-7.163-16-16-16H16c-8.837 0-16 7.163-16 16v40c0 8.837 7.163 16 16 16zm0 160h416c8.837 0 16-7.163 16-16v-40c0-8.837-7.163-16-16-16H16c-8.837 0-16 7.163-16 16v40c0 8.837 7.163 16 16 16z\"><\/path><\/svg>\t\t\t<\/a>\n\t\t<\/div>\n\t\t\t\t<\/div>\n\t\t\t\t<\/div>\n\t\t\t\t<div class=\"elementor-element elementor-element-6de21c21 elementor-widget elementor-widget-text-editor\" data-id=\"6de21c21\" data-element_type=\"widget\" data-widget_type=\"text-editor.default\">\n\t\t\t\t<div class=\"elementor-widget-container\">\n\t\t\t\t\t\t\t<!-- wp:heading -->\n<h5><strong>Splo\u0161no<\/strong><\/h5>\n<p>V podjetju Foto in video produkcija, \u017dak Krebs s.p. (v nadaljevanju: \u00bbupravljavec\u00ab) spo\u0161tujemo va\u0161o zasebnost in stremimo k zagotavljanju najvi\u0161je stopnje varstva va\u0161ih osebnih podatkov. Pri tem spo\u0161tujemo zlasti zahteve zakona, ki ureja varstvo osebnih podatkov, zakonov, ki urejata elektronske komunikacije in elektronsko poslovanje na trgu, in Splo\u0161no uredbo EU o varstvu podatkov.<\/p>\n\n<p>Namen predmetne izjave je, da vas obvestimo o tem, za katere namene in na kateri pravni podlagi bodo va\u0161i osebni podatki pridobljeni ter se bodo uporabljali in kako lahko nadzirate te postopke ter uveljavljate svoje pravice.<\/p>\n\n<p><strong>Upravljavec podatkov<\/strong><\/p>\n<p>Upravljavec va\u0161ih osebnih podatkov je:<\/p>\n<p><strong>Foto in video produkcija, \u017dak Krebs s.p.<\/strong><\/p>\n<p>Rde\u010di Breg \u2013 del 19B<\/p>\n<p>2344 Lovrenc na Pohorju<\/p>\n<p>Elektronski naslov: <a href=\"about:blank\">info@zk-visuals.si<\/a><\/p>\n<p>Telefonska \u0161tevilka: 041 842 250<\/p>\n\n<p><strong>Osebni podatki in podlaga za njihovo obdelavo<\/strong><\/p>\n<p>Osebni podatek je katera koli informacija, ki vas identificira kot dolo\u010denega ali dolo\u010dljivega posameznika. Posameznik je dolo\u010dljiv takrat, ko ga je mogo\u010de neposredno ali posredno dolo\u010diti, zlasti z navedbo identifikatorja kot je ime, identifikacijska \u0161tevilka, podatki o lokaciji, spletni identifikator, ali z navedbo enega ali ve\u010d dejavnikov, ki so zna\u010dilni za posameznikovo fizi\u010dno, fiziolo\u0161ko, genetsko, du\u0161evno, gospodarsko, kulturno ali dru\u017ebeno identiteto.<\/p>\n\n<p>Vse va\u0161e osebne podatke bomo shranjevali in obdelovali izklju\u010dno le za namene, za katere so bili posredovani.  Podatki se obdelujejo skladno s Splo\u0161no uredbo EU o varstvu podatkov, uvodoma na\u0161tetimi zakoni ter drugo veljavno zakonodajo<strong>.<\/strong><\/p>\n\n<p>Va\u0161e osebne podatke obdelujemo na podlagi privolitve, zakona ali zakonitega interesa ter za sklepanje in izvajanje pogodb. Glede na vrsto va\u0161e interakcije z nami lahko zbiramo in obdelujemo va\u0161e osebne podatke, navedene v nadaljevanju:<\/p>\n\n<p><strong>Osebni podatki obiskovalcev na\u0161e spletne strani<\/strong><\/p>\n<p>(IP naslov, datum in ura obiska spletne strani, podatki o obiskanih straneh, nastavitve na spletni strani, podatki o lokaciji oziroma vstopni to\u010dki dostopa do interneta).<\/p>\n\n<p>Te podatke obdelujemo za namen izvajanja analize uporabni\u0161ke izku\u0161nje na na\u0161i spletni strani ter vodenja statistike obiskov. Podatke zbiramo s pomo\u010djo pi\u0161kotkov, o katerih si lahko ve\u010d preberete v obvestilu o pi\u0161kotkih, ki je objavljeno na na\u0161i spletni strani.<\/p>\n\n<p>Podatke, zbrane na opisani na\u010din, obdelujemo posebej in jih ne povezujemo z drugimi osebnimi podatki uporabnikov na\u0161e spletne strani.<\/p>\n\n<p><strong>Obdelava osebnih podatkov pri oddaji povpra\u0161evanja oz. rezervaciji storitev in zastavljanju vpra\u0161anj<\/strong><\/p>\n\n<p>Na na\u0161i spletni strani lahko oddate povpra\u0161evanje oz. rezervirate na\u0161o storitev ali nam zastavite vpra\u0161anje, vse preko spletnih obrazcev. Pri tem zbiramo naslednje podatke, ki nam jih sami in prostovoljno posredujete:<\/p>\n<ul>\n<li>ime in priimek;<\/li>\n<li>elektronski naslov,<\/li>\n<li>datum in lokacijo \u017eelene izvedbe storitve,<\/li>\n<li>\u0161tevilo svatov.<\/li>\n<\/ul>\n\n<p>Pri tem zbrane podatke obdelujemo izklju\u010dno za namene, da vas z odgovorom na va\u0161e vpra\u0161anje kontaktiramo oz. da zabele\u017eimo va\u0161o rezervacijo in vas kontaktiramo, da se dogovorimo glede izvedljivosti termina in na\u010dina izvedbe na\u0161e storitve. Pravna podlaga za obdelavo teh podatkov je va\u0161a privolitev v obdelavo.<\/p>\n\n<p><strong>Obdelava osebnih podatkov, pridobljenih s komunikacijo na d<\/strong><strong>ru\u017ebenih omre\u017ejih<\/strong><\/p>\n\n<p>Prisotni smo tudi na dru\u017ebenih omre\u017ejih, kot so Instagram, Tiktok, Youtube in Facebook. Kontaktirate nas lahko tudi preko na\u0161ih profilov na teh omre\u017ejih, in sicer preko komentarjev ali zasebnih sporo\u010dil. Podatke, ki nam jih boste pri tem prostovoljno posredovali, bomo obdelovali zgolj za namen obravnave va\u0161ega komentarja, zahteve oziroma vpra\u0161anja. \u010ce boste pri tem oddali povpra\u0161evanje oz. rezervirali na\u0161e storitve, bomo posredovane podatke obdelovali zgolj za obravnavo va\u0161e rezervacije.<\/p>\n\n<p>Na podlagi zakonitih interesov imamo pravico upravljati na\u0161e ra\u010dune na dru\u017ebenih omre\u017ejih in vsebine, ki jih na njih delimo, sodelovati z obiskovalci in odgovarjati na njihova vpra\u0161anja oz. povpra\u0161evanja.<\/p>\n\n<p>Na\u0161a spletna stran uporablja tudi vti\u010dnike za navedena dru\u017ebena omre\u017eja (kot so Instagram, Tiktok, Youtube in Facebook). Pri uporabi storitev preko vti\u010dnikov so lahko podatki neposredno preneseni z va\u0161e naprave upravljavcu posameznega dru\u017ebenega omre\u017eja. Na obseg, naravo in namen obdelave podatkov, ki jih zbira vti\u010dnik, nimamo vpliva. Napotujemo vas na politike zasebnosti ponudnikov storitev dru\u017eabnih omre\u017eij.<\/p>\n\n<p><strong>Obdelava osebnih podatkov pri sklenitvi pogodbe in pri izvajanju storitev<\/strong><\/p>\n\n<p>Pri sklenitvi pogodbe za izvedbo na\u0161ih storitev od vas zbiramo naslednje podatke:<\/p>\n<ul>\n<li>ime in priimek;<\/li>\n<li>naslov;<\/li>\n<li>elektronski naslov in telefonsko \u0161tevilko;<\/li>\n<li>kraj in datum \u017eelene storitve ter \u0161tevilo svatov.<\/li>\n<\/ul>\n\n<p>Zbrani podatki se zbirajo za namen priprave in sklenitve pogodbe ter kontaktiranja za izvedbo storitev. Obdelava teh podatkov je nujna za izpolnjevanje pogodbenih obveznosti in za uveljavljanje pravic iz pogodbenega razmerja. Pravno podlago za obdelavo teh podatkov predstavlja na\u0161e pogodbeno razmerje z vami.<\/p>\n\n<p><strong>Uporabniki osebnih podatkov<\/strong><\/p>\n\n<p>Zavezujemo se, da va\u0161ih osebnih podatkov ne bomo posredovani tretjim nepoobla\u0161\u010denim osebam brez va\u0161e privolitve.<\/p>\n\n<p>V okviru zakonskih pristojnosti se va\u0161i osebni podatki lahko razkrivajo naslednjim uporabnikom podatkov:<\/p>\n<ul>\n<li>ra\u010dunovodskemu servisu, odvetni\u0161kim pisarnam in drugim ponudnikom pravnega in poslovnega svetovanja;<\/li>\n<li>ponudnikom ban\u010dnih storitev in storitev izterjave pla\u010dil;<\/li>\n<li>ponudnikom storitev informacijske tehnologije v okviru servisiranja in vzdr\u017eevanja programske opreme ter administratorju in skrbniku spletne strani.<\/li>\n<\/ul>\n\n<p>Zavezujemo se, da ne mi ne drugi uporabniki va\u0161ih osebnih podatkov ne bodo posredovali ali prenesli v tretjo dr\u017eavo izven Evropske unije in\/ali Evropskega gospodarskega prostora ali v mednarodno organizacijo brez ustrezne stopnje za\u0161\u010dite.<\/p>\n\n<p><strong>Obdobje hrambe osebnih podatkov<\/strong><\/p>\n\n<p>Va\u0161e podatke shranjujemo tako dolgo, kot to zahteva vsakokratni namen, za katerega so posamezni podatki zbrani in obdelani.<\/p>\n\n<p>Tiste podatke, ki jih obdelujemo na podlagi zakona, hranimo za obdobje, ki ga predpisuje zakon. Podatke, ki jih obdelujemo zaradi izvedbe pogodbenega ali drugega razmerja z vami, hranimo za obdobje, ki je potrebno za izvr\u0161itev takega razmerja in \u0161e ves \u010das, ko traja zakonski zastaralni rok za zahtevke iz tako sklenjenega razmerja, razen v primeru spora v zvezi s pogodbenim razmerjem.<\/p>\n\n<p>Osebne podatke, ki jih obdelujemo na podlagi va\u0161e privolitve ali zakonitega interesa, npr. v primeru po\u0161iljanja vpra\u0161anj in povpra\u0161evanj, hranimo trajno do preklica te privolitve z va\u0161e strani oziroma do zahteve po prekinitvi obdelave, pri \u010demer se zavezujemo, da bomo obstoj namena obdelave osebnih podatkov preverjali na redne \u010dasovne intervale. Podatke bomo pred preklicem izbrisali le, \u010de je \u017ee dose\u017een namen obdelave osebnih podatkov ali \u010de tako dolo\u010da zakon.<\/p>\n\n<p>Po preteku obdobja hrambe bomo va\u0161e osebne podatke u\u010dinkovito in trajno izbrisali ali anonimizirali, tako da va\u0161a identifikacija ne bo ve\u010d mogo\u010da.<\/p>\n\n<p><strong>Va\u0161e pravice in na\u0161e zaveze<\/strong><\/p>\n\n<p>Zavezujemo se, da bomo va\u0161e osebne podatke ustrezno varovali in v skladu z dol\u017eno skrbnostjo \u0161\u010ditili pred morebitnimi zlorabami. Po izpolnitvi namena, za katerega so bili ti podatki zbrani, jih bomo trajno izbrisali.<\/p>\n\n<p>Zavezujemo se tudi, da bomo zagotovili uresni\u010devanje va\u0161ih pravic v zvezi z obdelavo va\u0161ih osebnih podatkov. Kadar koli lahko zahtevate informacije v zvezi z obdelavo va\u0161ih osebnih podatkov (kot so namen obdelave, vrsta osebnih podatkov, predvideno obdobje hrambe podatkov itd.); vpogled v va\u0161e osebne podatke, ki jih zbiramo, ter njihovo prepisovanje in kopiranje; popravek neto\u010dnih oziroma dopolnitev nepopolnih osebnih podatkov; prenos ali izbris va\u0161ih osebnih podatkov in omejitve obdelave, ali pa vlo\u017eite ugovor zoper obdelavo osebnih podatkov.<\/p>\n\n<p>Za uveljavljanje va\u0161ih pravic ali za dodatne informacije v zvezi z va\u0161imi osebnimi podatki smo vam na voljo na elektronskem naslovu: <a href=\"about:blank\">info@zk-visuals.si<\/a>. Na navedeni naslov nam lahko po\u0161ljete tudi pisno izjavo, da preklicujete svojo privolitev v obdelavo osebnih podatkov. Va\u0161 preklic velja za naprej in ne vpliva na zakonitost obdelave podatkov, ki se je izvajala do preklica.<\/p>\n\n<p>\u010ce boste ugovarjali obdelavi osebnih podatkov na podlagi na\u0161ih zakonitih interesov, va\u0161ih osebnih podatkov ne bomo ve\u010d obdelovali. Razen v primerih, ko bi v skladu z GDPR izkazali nujne legitimne razloge za obdelavo, ki prevladajo nad va\u0161imi interesi, ali za potrebe uveljavljanja na\u0161ih zahtevkov.<\/p>\n\n<p>\u010ce menite, da pri obdelavi va\u0161ih podatkov prihaja do kr\u0161itev predpisov, ki urejajo varstvo osebnih podatkov, imate pravico vlo\u017eiti prito\u017ebo pri Informacijskem poobla\u0161\u010dencu Republike Slovenije, Dunajska cesta 22, 1000 Ljubljana, Slovenija, telefonska \u0161tevilka: 01 230 97 30, elektronski naslov: <a href=\"about:blank\">gp.ip@ip-rs.si<\/a>.<\/p>\n\n\n<strong>Spremembe te izjave o varstvu podatkov<\/strong>\n\n\n<p>Pridr\u017eujemo si pravico, da to izjavo ob\u010dasno posodobimo. Priporo\u010damo, da pred vsakim posredovanjem osebnih podatkov preverite aktualno razli\u010dico te izjave, da se seznanite z vsemi spremembami. O morebitnih spremembah, ki bi bistveno vplivale na obdelavo va\u0161ih osebnih podatkov, vas bomo predhodno obvestili z obvestilom na na\u0161i spletni strani.<\/p>\n\n<p>Hvala za va\u0161e zaupanje!<\/p>\n\n<p><strong>Foto in video produkcija, \u017dak Krebs s.p.<\/strong><\/p>\n\t\t\t\t\t\t<\/div>\n\t\t\t\t<\/div>\n\t\t\t\t\t<\/div>\n\t\t\t\t<\/div>\n\t\t\t\t<\/div>","protected":false},"excerpt":{"rendered":"<p>Splo\u0161no V podjetju Foto in video produkcija, \u017dak Krebs s.p. (v nadaljevanju: \u00bbupravljavec\u00ab) spo\u0161tujemo va\u0161o zasebnost in stremimo k zagotavljanju najvi\u0161je stopnje varstva va\u0161ih osebnih podatkov. Pri tem spo\u0161tujemo zlasti zahteve zakona, ki ureja varstvo osebnih podatkov, zakonov, ki urejata elektronske komunikacije in elektronsko poslovanje na trgu, in Splo\u0161no uredbo EU o varstvu podatkov. Namen [&hellip;]<\/p>","protected":false},"author":1,"featured_media":0,"parent":0,"menu_order":0,"comment_status":"closed","ping_status":"closed","template":"elementor_canvas","meta":{"footnotes":""},"class_list":["post-3","page","type-page","status-publish","hentry"],"yoast_head":"<!-- This site is optimized with the Yoast SEO plugin v23.7 - https:\/\/yoast.com\/wordpress\/plugins\/seo\/ -->\n<title>Privacy policy - Zak Krebs<\/title>\n<meta name=\"robots\" content=\"index, follow, max-snippet:-1, max-image-preview:large, max-video-preview:-1\" \/>\n<link rel=\"canonical\" href=\"https:\/\/zk-visuals.si\/en\/privacy-policy\/\" \/>\n<meta property=\"og:locale\" content=\"en_GB\" \/>\n<meta property=\"og:type\" content=\"article\" \/>\n<meta property=\"og:title\" content=\"Privacy policy - Zak Krebs\" \/>\n<meta property=\"og:description\" content=\"Splo\u0161no V podjetju Foto in video produkcija, \u017dak Krebs s.p. (v nadaljevanju: \u00bbupravljavec\u00ab) spo\u0161tujemo va\u0161o zasebnost in stremimo k zagotavljanju najvi\u0161je stopnje varstva va\u0161ih osebnih podatkov. Pri tem spo\u0161tujemo zlasti zahteve zakona, ki ureja varstvo osebnih podatkov, zakonov, ki urejata elektronske komunikacije in elektronsko poslovanje na trgu, in Splo\u0161no uredbo EU o varstvu podatkov. Namen [&hellip;]\" \/>\n<meta property=\"og:url\" content=\"https:\/\/zk-visuals.si\/en\/privacy-policy\/\" \/>\n<meta property=\"og:site_name\" content=\"Zak Krebs\" \/>\n<meta property=\"article:modified_time\" content=\"2024-11-04T09:55:37+00:00\" \/>\n<meta name=\"twitter:card\" content=\"summary_large_image\" \/>\n<meta name=\"twitter:label1\" content=\"Estimated reading time\" \/>\n\t<meta name=\"twitter:data1\" content=\"7 minutes\" \/>\n<script type=\"application\/ld+json\" class=\"yoast-schema-graph\">{\"@context\":\"https:\/\/schema.org\",\"@graph\":[{\"@type\":\"WebPage\",\"@id\":\"https:\/\/zk-visuals.si\/privacy-policy\/\",\"url\":\"https:\/\/zk-visuals.si\/privacy-policy\/\",\"name\":\"Privacy policy - Zak Krebs\",\"isPartOf\":{\"@id\":\"https:\/\/zk-visuals.si\/#website\"},\"datePublished\":\"2024-09-19T10:58:57+00:00\",\"dateModified\":\"2024-11-04T09:55:37+00:00\",\"breadcrumb\":{\"@id\":\"https:\/\/zk-visuals.si\/privacy-policy\/#breadcrumb\"},\"inLanguage\":\"en-GB\",\"potentialAction\":[{\"@type\":\"ReadAction\",\"target\":[\"https:\/\/zk-visuals.si\/privacy-policy\/\"]}]},{\"@type\":\"BreadcrumbList\",\"@id\":\"https:\/\/zk-visuals.si\/privacy-policy\/#breadcrumb\",\"itemListElement\":[{\"@type\":\"ListItem\",\"position\":1,\"name\":\"Home\",\"item\":\"https:\/\/zk-visuals.si\/\"},{\"@type\":\"ListItem\",\"position\":2,\"name\":\"Privacy policy\"}]},{\"@type\":\"WebSite\",\"@id\":\"https:\/\/zk-visuals.si\/#website\",\"url\":\"https:\/\/zk-visuals.si\/\",\"name\":\"Zak Krebs\",\"description\":\"Visuals\",\"publisher\":{\"@id\":\"https:\/\/zk-visuals.si\/#organization\"},\"potentialAction\":[{\"@type\":\"SearchAction\",\"target\":{\"@type\":\"EntryPoint\",\"urlTemplate\":\"https:\/\/zk-visuals.si\/?s={search_term_string}\"},\"query-input\":{\"@type\":\"PropertyValueSpecification\",\"valueRequired\":true,\"valueName\":\"search_term_string\"}}],\"inLanguage\":\"en-GB\"},{\"@type\":\"Organization\",\"@id\":\"https:\/\/zk-visuals.si\/#organization\",\"name\":\"Zak Krebs\",\"url\":\"https:\/\/zk-visuals.si\/\",\"logo\":{\"@type\":\"ImageObject\",\"inLanguage\":\"en-GB\",\"@id\":\"https:\/\/zk-visuals.si\/#\/schema\/logo\/image\/\",\"url\":\"https:\/\/zk-visuals.si\/wp-content\/uploads\/2024\/09\/zk_logo_final_inverted.svg\",\"contentUrl\":\"https:\/\/zk-visuals.si\/wp-content\/uploads\/2024\/09\/zk_logo_final_inverted.svg\",\"width\":850,\"height\":850,\"caption\":\"Zak Krebs\"},\"image\":{\"@id\":\"https:\/\/zk-visuals.si\/#\/schema\/logo\/image\/\"}}]}<\/script>\n<!-- \/ Yoast SEO plugin. -->","yoast_head_json":{"title":"Privacy policy - Zak Krebs","robots":{"index":"index","follow":"follow","max-snippet":"max-snippet:-1","max-image-preview":"max-image-preview:large","max-video-preview":"max-video-preview:-1"},"canonical":"https:\/\/zk-visuals.si\/en\/privacy-policy\/","og_locale":"en_GB","og_type":"article","og_title":"Privacy policy - Zak Krebs","og_description":"Splo\u0161no V podjetju Foto in video produkcija, \u017dak Krebs s.p. (v nadaljevanju: \u00bbupravljavec\u00ab) spo\u0161tujemo va\u0161o zasebnost in stremimo k zagotavljanju najvi\u0161je stopnje varstva va\u0161ih osebnih podatkov. Pri tem spo\u0161tujemo zlasti zahteve zakona, ki ureja varstvo osebnih podatkov, zakonov, ki urejata elektronske komunikacije in elektronsko poslovanje na trgu, in Splo\u0161no uredbo EU o varstvu podatkov. Namen [&hellip;]","og_url":"https:\/\/zk-visuals.si\/en\/privacy-policy\/","og_site_name":"Zak Krebs","article_modified_time":"2024-11-04T09:55:37+00:00","twitter_card":"summary_large_image","twitter_misc":{"Estimated reading time":"7 minutes"},"schema":{"@context":"https:\/\/schema.org","@graph":[{"@type":"WebPage","@id":"https:\/\/zk-visuals.si\/privacy-policy\/","url":"https:\/\/zk-visuals.si\/privacy-policy\/","name":"Privacy policy - Zak Krebs","isPartOf":{"@id":"https:\/\/zk-visuals.si\/#website"},"datePublished":"2024-09-19T10:58:57+00:00","dateModified":"2024-11-04T09:55:37+00:00","breadcrumb":{"@id":"https:\/\/zk-visuals.si\/privacy-policy\/#breadcrumb"},"inLanguage":"en-GB","potentialAction":[{"@type":"ReadAction","target":["https:\/\/zk-visuals.si\/privacy-policy\/"]}]},{"@type":"BreadcrumbList","@id":"https:\/\/zk-visuals.si\/privacy-policy\/#breadcrumb","itemListElement":[{"@type":"ListItem","position":1,"name":"Home","item":"https:\/\/zk-visuals.si\/"},{"@type":"ListItem","position":2,"name":"Privacy policy"}]},{"@type":"WebSite","@id":"https:\/\/zk-visuals.si\/#website","url":"https:\/\/zk-visuals.si\/","name":"Zak Krebs","description":"Visuals","publisher":{"@id":"https:\/\/zk-visuals.si\/#organization"},"potentialAction":[{"@type":"SearchAction","target":{"@type":"EntryPoint","urlTemplate":"https:\/\/zk-visuals.si\/?s={search_term_string}"},"query-input":{"@type":"PropertyValueSpecification","valueRequired":true,"valueName":"search_term_string"}}],"inLanguage":"en-GB"},{"@type":"Organization","@id":"https:\/\/zk-visuals.si\/#organization","name":"Zak Krebs","url":"https:\/\/zk-visuals.si\/","logo":{"@type":"ImageObject","inLanguage":"en-GB","@id":"https:\/\/zk-visuals.si\/#\/schema\/logo\/image\/","url":"https:\/\/zk-visuals.si\/wp-content\/uploads\/2024\/09\/zk_logo_final_inverted.svg","contentUrl":"https:\/\/zk-visuals.si\/wp-content\/uploads\/2024\/09\/zk_logo_final_inverted.svg","width":850,"height":850,"caption":"Zak Krebs"},"image":{"@id":"https:\/\/zk-visuals.si\/#\/schema\/logo\/image\/"}}]}},"_links":{"self":[{"href":"https:\/\/zk-visuals.si\/en\/wp-json\/wp\/v2\/pages\/3","targetHints":{"allow":["GET"]}}],"collection":[{"href":"https:\/\/zk-visuals.si\/en\/wp-json\/wp\/v2\/pages"}],"about":[{"href":"https:\/\/zk-visuals.si\/en\/wp-json\/wp\/v2\/types\/page"}],"author":[{"embeddable":true,"href":"https:\/\/zk-visuals.si\/en\/wp-json\/wp\/v2\/users\/1"}],"replies":[{"embeddable":true,"href":"https:\/\/zk-visuals.si\/en\/wp-json\/wp\/v2\/comments?post=3"}],"version-history":[{"count":13,"href":"https:\/\/zk-visuals.si\/en\/wp-json\/wp\/v2\/pages\/3\/revisions"}],"predecessor-version":[{"id":675,"href":"https:\/\/zk-visuals.si\/en\/wp-json\/wp\/v2\/pages\/3\/revisions\/675"}],"wp:attachment":[{"href":"https:\/\/zk-visuals.si\/en\/wp-json\/wp\/v2\/media?parent=3"}],"curies":[{"name":"wp","href":"https:\/\/api.w.org\/{rel}","templated":true}]}}