{"id":392,"date":"2024-10-28T14:09:56","date_gmt":"2024-10-28T14:09:56","guid":{"rendered":"https:\/\/zk-visuals.si\/?page_id=392"},"modified":"2024-11-04T09:59:03","modified_gmt":"2024-11-04T09:59:03","slug":"cookies-policy","status":"publish","type":"page","link":"https:\/\/zk-visuals.si\/en\/cookies-policy\/","title":{"rendered":"Cookies policy"},"content":{"rendered":"<div data-elementor-type=\"wp-page\" data-elementor-id=\"392\" class=\"elementor elementor-392\" data-elementor-post-type=\"page\">\n\t\t\t\t<div class=\"elementor-element elementor-element-7850fd61 e-flex e-con-boxed e-con e-parent\" data-id=\"7850fd61\" data-element_type=\"container\">\n\t\t\t\t\t<div class=\"e-con-inner\">\n\t\t\t\t<div class=\"elementor-element elementor-element-3aad206 elementor-view-default elementor-widget elementor-widget-icon\" data-id=\"3aad206\" data-element_type=\"widget\" data-widget_type=\"icon.default\">\n\t\t\t\t<div class=\"elementor-widget-container\">\n\t\t\t\t\t<div class=\"elementor-icon-wrapper\">\n\t\t\t<a class=\"elementor-icon\" href=\"#elementor-action:action=popup:open&settings=eyJpZCI6Ijk0IiwidG9nZ2xlIjpmYWxzZX0=\">\n\t\t\t<svg aria-hidden=\"true\" class=\"e-font-icon-svg e-fas-bars\" viewbox=\"0 0 448 512\" xmlns=\"http:\/\/www.w3.org\/2000\/svg\"><path d=\"M16 132h416c8.837 0 16-7.163 16-16V76c0-8.837-7.163-16-16-16H16C7.163 60 0 67.163 0 76v40c0 8.837 7.163 16 16 16zm0 160h416c8.837 0 16-7.163 16-16v-40c0-8.837-7.163-16-16-16H16c-8.837 0-16 7.163-16 16v40c0 8.837 7.163 16 16 16zm0 160h416c8.837 0 16-7.163 16-16v-40c0-8.837-7.163-16-16-16H16c-8.837 0-16 7.163-16 16v40c0 8.837 7.163 16 16 16z\"><\/path><\/svg>\t\t\t<\/a>\n\t\t<\/div>\n\t\t\t\t<\/div>\n\t\t\t\t<\/div>\n\t\t\t\t<div class=\"elementor-element elementor-element-6de21c21 elementor-widget elementor-widget-text-editor\" data-id=\"6de21c21\" data-element_type=\"widget\" data-widget_type=\"text-editor.default\">\n\t\t\t\t<div class=\"elementor-widget-container\">\n\t\t\t\t\t\t\t<!-- wp:heading -->\n<p><strong>Upravljanje zasebnosti<\/strong><\/p>\n<p>Na tej spletni strani uporabljamo pi\u0161kotke. Osnovni pi\u0161kotki so nujni za delovanje te spletne strani. Za bolj\u0161o uporabni\u0161ko izku\u0161njo pa lahko privolite tudi v pi\u0161kotke analitike in tr\u017eenja, kar storite s klikom na \u00bbSprejmi vse pi\u0161kotke\u00ab. Za podrobnej\u0161e informacije glede pi\u0161kotkov in upravljanje z njimi obi\u0161\u010dite spletno stran Politika pi\u0161kotkov.<\/p>\n<p><strong>Politika pi\u0161kotkov<\/strong><\/p>\n<p>Pi\u0161kotki so majhne tekstovne datoteke, ki se ob obisku spletne strani prenesejo na va\u0161 ra\u010dunalnik ali na drugo elektronsko napravo. Dolo\u010deni pi\u0161kotki so nujni za delovanje spletne strani, drugi pa se uporabljajo za zagotavljanje bolj\u0161e uporabni\u0161ke izku\u0161nje in spremljanje statistike obiska. Pi\u0161kotki so informacije o uporabniku, ki se shranijo v spletni brskalnik, ki dostopa do spletnega mesta.<\/p>\n<p>Vsi razen nujnih pi\u0161kotkov se nalo\u017eijo v va\u0161 spletni brskalnik le na podlagi va\u0161e izrecne privolitve.<\/p>\n<p>Na na\u0161em spletnem mestu uporabljamo naslednje vrste pi\u0161kotkov in za namene ter za \u010das, kot predstavljeno v nadaljevanju.<\/p>\n<p><strong>1. Obvezni pi\u0161kotki<\/strong><\/p>\n<p>Obvezni oz. nujni pi\u0161kotki so nujno potrebni za delovanje spletne strani in ne zahtevajo va\u0161ega soglasja. Pomembni so za to, da se lahko premikate po spletnem mestu in uporabljate njegove funkcije. Brez teh pi\u0161kotkov dolo\u010dene storitve (nor. nastavitev zasebnosti, oddaja povpra\u0161evanja oz. rezervacija in obrazec za oddajo vpra\u0161anj) ne bodo delovale.<\/p>\n<table>\n<tbody>\n<tr>\n<td width=\"201\">\n<p><strong>Pi\u0161kotek<\/strong><\/p>\n<\/td>\n<td width=\"201\">\n<p><strong>Namen<\/strong><\/p>\n<\/td>\n<td width=\"201\">\n<p><strong>Trajanje<\/strong><\/p>\n<\/td>\n<\/tr>\n<tr>\n<td width=\"201\">\n<p>pll_language<\/p>\n<\/td>\n<td width=\"201\">\n<p>Polylang nastavitev tega pi\u0161kotka, da si zapomni jezik, ki ga uporabnik izbere ob vrnitvi na spletno mesto in dobi informacije o jeziku, kadar niso na voljo na drug na\u010din.<\/p>\n<\/td>\n<td width=\"201\">\n<p>1 leto<\/p>\n<\/td>\n<\/tr>\n<tr>\n<td width=\"201\">\n<p>cookieyes-consent<\/p>\n<\/td>\n<td width=\"201\">\n<p>CookieYes nastavi ta pi\u0161kotek tako, da si zapomni nastavitve privolitve uporabnikov, tako da se njihove nastavitve spo\u0161tujejo ob naslednjih obiskih te strani. Ne zbira ali shranjuje nobenih osebnih podatkov o obiskovalcih spletnega mesta.<\/p>\n<\/td>\n<td width=\"201\">\n<p>1 leto<\/p>\n<\/td>\n<\/tr>\n<\/tbody>\n<\/table>\n\n<p><strong>2. Analiti\u010dni pi\u0161kotki<\/strong><\/p>\n\n<table>\n<tbody>\n<tr>\n<td width=\"201\">\n<p><strong>Pi\u0161kotek<\/strong><\/p>\n<\/td>\n<td width=\"201\">\n<p><strong>Namen<\/strong><\/p>\n<\/td>\n<td width=\"201\">\n<p><strong>Trajanje<\/strong><\/p>\n<\/td>\n<\/tr>\n<tr>\n<td width=\"201\">\n<p>_ga<\/p>\n<\/td>\n<td width=\"201\">\n<p>Google Analytics ta pi\u0161kotek dolo\u010da tako, da izra\u010duna podatke o obiskovalcu, seji in ogla\u0161evalski akciji ter sledi uporabi mesta za poro\u010dilo analitike spletnega mesta. Pi\u0161kotek anonimno shrani informacije in dodeli naklju\u010dno ustvarjeno \u0161tevilko za prepoznavanje edinstvenih obiskovalcev.<\/p>\n<\/td>\n<td width=\"201\">\n<p>1 leto<\/p>\n<\/td>\n<\/tr>\n<tr>\n<td width=\"201\">\n<p>_gid<\/p>\n<\/td>\n<td width=\"201\">\n<p>Google Analytics ta pi\u0161kotek nalaga tako, da shrani informacije o tem, kako obiskovalci uporabljajo spletno mesto, hkrati pa ustvarijo analiti\u010dna poro\u010dila o uspe\u0161nosti spletnega mesta. Nekateri zbrani podatki vklju\u010dujejo \u0161tevilo obiskovalcev, njihov vir in strani, ki jih obi\u0161\u010dejo anonimno.<\/p>\n<\/td>\n<td width=\"201\">\n<p>1 mesec<\/p>\n<\/td>\n<\/tr>\n<tr>\n<td width=\"201\">\n<p>_ga_*<\/p>\n<\/td>\n<td width=\"201\">\n<p>Google Analytics nastavi ta pi\u0161kotek za shranjevanje in \u0161tetje ogledov strani.<\/p>\n<\/td>\n<td width=\"201\">\n<p>1 leto<\/p>\n<\/td>\n<\/tr>\n<\/tbody>\n<\/table>\n\n<p>Uporaba pi\u0161kotkov je va\u0161a odlo\u010ditev. Pi\u0161kotke lahko izbri\u0161ete ali onemogo\u010dite z nastavitvami v va\u0161em brskalniku. \u010ce boste onemogo\u010dili pi\u0161kotke, vam nekatere funkcije na na\u0161i strani morda ne bodo delovale pravilno.<\/p>\n<p>Informacije o nastavitvah pi\u0161kotkov glede na spletni brskalnik, ki ga uporabljate, se nahajajo tu:<br \/>Safari<br \/>Chrome<br \/>Firefox<br \/>Internet Explorer<br \/>Opera<\/p>\n\t\t\t\t\t\t<\/div>\n\t\t\t\t<\/div>\n\t\t\t\t\t<\/div>\n\t\t\t\t<\/div>\n\t\t\t\t<\/div>","protected":false},"excerpt":{"rendered":"<p>Upravljanje zasebnosti Na tej spletni strani uporabljamo pi\u0161kotke. Osnovni pi\u0161kotki so nujni za delovanje te spletne strani. Za bolj\u0161o uporabni\u0161ko izku\u0161njo pa lahko privolite tudi v pi\u0161kotke analitike in tr\u017eenja, kar storite s klikom na \u00bbSprejmi vse pi\u0161kotke\u00ab. Za podrobnej\u0161e informacije glede pi\u0161kotkov in upravljanje z njimi obi\u0161\u010dite spletno stran Politika pi\u0161kotkov. Politika pi\u0161kotkov Pi\u0161kotki [&hellip;]<\/p>","protected":false},"author":1,"featured_media":0,"parent":0,"menu_order":0,"comment_status":"closed","ping_status":"closed","template":"elementor_canvas","meta":{"footnotes":""},"class_list":["post-392","page","type-page","status-publish","hentry"],"yoast_head":"<!-- This site is optimized with the Yoast SEO plugin v23.7 - https:\/\/yoast.com\/wordpress\/plugins\/seo\/ -->\n<title>Cookies policy - Zak Krebs<\/title>\n<meta name=\"robots\" content=\"index, follow, max-snippet:-1, max-image-preview:large, max-video-preview:-1\" \/>\n<link rel=\"canonical\" href=\"https:\/\/zk-visuals.si\/en\/cookies-policy\/\" \/>\n<meta property=\"og:locale\" content=\"en_GB\" \/>\n<meta property=\"og:type\" content=\"article\" \/>\n<meta property=\"og:title\" content=\"Cookies policy - Zak Krebs\" \/>\n<meta property=\"og:description\" content=\"Upravljanje zasebnosti Na tej spletni strani uporabljamo pi\u0161kotke. Osnovni pi\u0161kotki so nujni za delovanje te spletne strani. Za bolj\u0161o uporabni\u0161ko izku\u0161njo pa lahko privolite tudi v pi\u0161kotke analitike in tr\u017eenja, kar storite s klikom na \u00bbSprejmi vse pi\u0161kotke\u00ab. Za podrobnej\u0161e informacije glede pi\u0161kotkov in upravljanje z njimi obi\u0161\u010dite spletno stran Politika pi\u0161kotkov. Politika pi\u0161kotkov Pi\u0161kotki [&hellip;]\" \/>\n<meta property=\"og:url\" content=\"https:\/\/zk-visuals.si\/en\/cookies-policy\/\" \/>\n<meta property=\"og:site_name\" content=\"Zak Krebs\" \/>\n<meta property=\"article:modified_time\" content=\"2024-11-04T09:59:03+00:00\" \/>\n<meta name=\"twitter:card\" content=\"summary_large_image\" \/>\n<meta name=\"twitter:label1\" content=\"Estimated reading time\" \/>\n\t<meta name=\"twitter:data1\" content=\"2 minutes\" \/>\n<script type=\"application\/ld+json\" class=\"yoast-schema-graph\">{\"@context\":\"https:\/\/schema.org\",\"@graph\":[{\"@type\":\"WebPage\",\"@id\":\"https:\/\/zk-visuals.si\/cookies-policy\/\",\"url\":\"https:\/\/zk-visuals.si\/cookies-policy\/\",\"name\":\"Cookies policy - Zak Krebs\",\"isPartOf\":{\"@id\":\"https:\/\/zk-visuals.si\/#website\"},\"datePublished\":\"2024-10-28T14:09:56+00:00\",\"dateModified\":\"2024-11-04T09:59:03+00:00\",\"breadcrumb\":{\"@id\":\"https:\/\/zk-visuals.si\/cookies-policy\/#breadcrumb\"},\"inLanguage\":\"en-GB\",\"potentialAction\":[{\"@type\":\"ReadAction\",\"target\":[\"https:\/\/zk-visuals.si\/cookies-policy\/\"]}]},{\"@type\":\"BreadcrumbList\",\"@id\":\"https:\/\/zk-visuals.si\/cookies-policy\/#breadcrumb\",\"itemListElement\":[{\"@type\":\"ListItem\",\"position\":1,\"name\":\"Home\",\"item\":\"https:\/\/zk-visuals.si\/\"},{\"@type\":\"ListItem\",\"position\":2,\"name\":\"Cookies policy\"}]},{\"@type\":\"WebSite\",\"@id\":\"https:\/\/zk-visuals.si\/#website\",\"url\":\"https:\/\/zk-visuals.si\/\",\"name\":\"Zak Krebs\",\"description\":\"Visuals\",\"publisher\":{\"@id\":\"https:\/\/zk-visuals.si\/#organization\"},\"potentialAction\":[{\"@type\":\"SearchAction\",\"target\":{\"@type\":\"EntryPoint\",\"urlTemplate\":\"https:\/\/zk-visuals.si\/?s={search_term_string}\"},\"query-input\":{\"@type\":\"PropertyValueSpecification\",\"valueRequired\":true,\"valueName\":\"search_term_string\"}}],\"inLanguage\":\"en-GB\"},{\"@type\":\"Organization\",\"@id\":\"https:\/\/zk-visuals.si\/#organization\",\"name\":\"Zak Krebs\",\"url\":\"https:\/\/zk-visuals.si\/\",\"logo\":{\"@type\":\"ImageObject\",\"inLanguage\":\"en-GB\",\"@id\":\"https:\/\/zk-visuals.si\/#\/schema\/logo\/image\/\",\"url\":\"https:\/\/zk-visuals.si\/wp-content\/uploads\/2024\/09\/zk_logo_final_inverted.svg\",\"contentUrl\":\"https:\/\/zk-visuals.si\/wp-content\/uploads\/2024\/09\/zk_logo_final_inverted.svg\",\"width\":850,\"height\":850,\"caption\":\"Zak Krebs\"},\"image\":{\"@id\":\"https:\/\/zk-visuals.si\/#\/schema\/logo\/image\/\"}}]}<\/script>\n<!-- \/ Yoast SEO plugin. -->","yoast_head_json":{"title":"Cookies policy - Zak Krebs","robots":{"index":"index","follow":"follow","max-snippet":"max-snippet:-1","max-image-preview":"max-image-preview:large","max-video-preview":"max-video-preview:-1"},"canonical":"https:\/\/zk-visuals.si\/en\/cookies-policy\/","og_locale":"en_GB","og_type":"article","og_title":"Cookies policy - Zak Krebs","og_description":"Upravljanje zasebnosti Na tej spletni strani uporabljamo pi\u0161kotke. Osnovni pi\u0161kotki so nujni za delovanje te spletne strani. Za bolj\u0161o uporabni\u0161ko izku\u0161njo pa lahko privolite tudi v pi\u0161kotke analitike in tr\u017eenja, kar storite s klikom na \u00bbSprejmi vse pi\u0161kotke\u00ab. Za podrobnej\u0161e informacije glede pi\u0161kotkov in upravljanje z njimi obi\u0161\u010dite spletno stran Politika pi\u0161kotkov. Politika pi\u0161kotkov Pi\u0161kotki [&hellip;]","og_url":"https:\/\/zk-visuals.si\/en\/cookies-policy\/","og_site_name":"Zak Krebs","article_modified_time":"2024-11-04T09:59:03+00:00","twitter_card":"summary_large_image","twitter_misc":{"Estimated reading time":"2 minutes"},"schema":{"@context":"https:\/\/schema.org","@graph":[{"@type":"WebPage","@id":"https:\/\/zk-visuals.si\/cookies-policy\/","url":"https:\/\/zk-visuals.si\/cookies-policy\/","name":"Cookies policy - Zak Krebs","isPartOf":{"@id":"https:\/\/zk-visuals.si\/#website"},"datePublished":"2024-10-28T14:09:56+00:00","dateModified":"2024-11-04T09:59:03+00:00","breadcrumb":{"@id":"https:\/\/zk-visuals.si\/cookies-policy\/#breadcrumb"},"inLanguage":"en-GB","potentialAction":[{"@type":"ReadAction","target":["https:\/\/zk-visuals.si\/cookies-policy\/"]}]},{"@type":"BreadcrumbList","@id":"https:\/\/zk-visuals.si\/cookies-policy\/#breadcrumb","itemListElement":[{"@type":"ListItem","position":1,"name":"Home","item":"https:\/\/zk-visuals.si\/"},{"@type":"ListItem","position":2,"name":"Cookies policy"}]},{"@type":"WebSite","@id":"https:\/\/zk-visuals.si\/#website","url":"https:\/\/zk-visuals.si\/","name":"Zak Krebs","description":"Visuals","publisher":{"@id":"https:\/\/zk-visuals.si\/#organization"},"potentialAction":[{"@type":"SearchAction","target":{"@type":"EntryPoint","urlTemplate":"https:\/\/zk-visuals.si\/?s={search_term_string}"},"query-input":{"@type":"PropertyValueSpecification","valueRequired":true,"valueName":"search_term_string"}}],"inLanguage":"en-GB"},{"@type":"Organization","@id":"https:\/\/zk-visuals.si\/#organization","name":"Zak Krebs","url":"https:\/\/zk-visuals.si\/","logo":{"@type":"ImageObject","inLanguage":"en-GB","@id":"https:\/\/zk-visuals.si\/#\/schema\/logo\/image\/","url":"https:\/\/zk-visuals.si\/wp-content\/uploads\/2024\/09\/zk_logo_final_inverted.svg","contentUrl":"https:\/\/zk-visuals.si\/wp-content\/uploads\/2024\/09\/zk_logo_final_inverted.svg","width":850,"height":850,"caption":"Zak Krebs"},"image":{"@id":"https:\/\/zk-visuals.si\/#\/schema\/logo\/image\/"}}]}},"_links":{"self":[{"href":"https:\/\/zk-visuals.si\/en\/wp-json\/wp\/v2\/pages\/392","targetHints":{"allow":["GET"]}}],"collection":[{"href":"https:\/\/zk-visuals.si\/en\/wp-json\/wp\/v2\/pages"}],"about":[{"href":"https:\/\/zk-visuals.si\/en\/wp-json\/wp\/v2\/types\/page"}],"author":[{"embeddable":true,"href":"https:\/\/zk-visuals.si\/en\/wp-json\/wp\/v2\/users\/1"}],"replies":[{"embeddable":true,"href":"https:\/\/zk-visuals.si\/en\/wp-json\/wp\/v2\/comments?post=392"}],"version-history":[{"count":7,"href":"https:\/\/zk-visuals.si\/en\/wp-json\/wp\/v2\/pages\/392\/revisions"}],"predecessor-version":[{"id":680,"href":"https:\/\/zk-visuals.si\/en\/wp-json\/wp\/v2\/pages\/392\/revisions\/680"}],"wp:attachment":[{"href":"https:\/\/zk-visuals.si\/en\/wp-json\/wp\/v2\/media?parent=392"}],"curies":[{"name":"wp","href":"https:\/\/api.w.org\/{rel}","templated":true}]}}